{"id":51,"date":"2025-04-25T10:49:09","date_gmt":"2025-04-25T08:49:09","guid":{"rendered":"https:\/\/luna-caribe.com\/?page_id=51"},"modified":"2025-05-28T17:01:44","modified_gmt":"2025-05-28T15:01:44","slug":"contacto","status":"publish","type":"page","link":"https:\/\/luna-caribe.com\/?page_id=51","title":{"rendered":"\u00bfNos ponemos en contacto?"},"content":{"rendered":"\n<figure class=\"wp-block-image size-large\"><img fetchpriority=\"high\" decoding=\"async\" width=\"1024\" height=\"1024\" src=\"https:\/\/luna-caribe.com\/wp-content\/uploads\/2025\/05\/6748614-1024x1024.jpg\" alt=\"\" class=\"wp-image-211\" style=\"aspect-ratio:4\/3;object-fit:cover\" srcset=\"https:\/\/luna-caribe.com\/wp-content\/uploads\/2025\/05\/6748614-1024x1024.jpg 1024w, https:\/\/luna-caribe.com\/wp-content\/uploads\/2025\/05\/6748614-300x300.jpg 300w, https:\/\/luna-caribe.com\/wp-content\/uploads\/2025\/05\/6748614-150x150.jpg 150w, https:\/\/luna-caribe.com\/wp-content\/uploads\/2025\/05\/6748614-768x768.jpg 768w, https:\/\/luna-caribe.com\/wp-content\/uploads\/2025\/05\/6748614-1536x1536.jpg 1536w, https:\/\/luna-caribe.com\/wp-content\/uploads\/2025\/05\/6748614.jpg 2000w\" sizes=\"(max-width: 1024px) 100vw, 1024px\" \/><\/figure>\n\n\n\n<p>Aqu\u00ed no hay respuestas autom\u00e1ticas. Solo personas reales con ganas de conectar desde lo aut\u00e9ntico.<\/p>\n\n\n\n<p>Si sientes que tu proyecto merece una comunicaci\u00f3n m\u00e1s alineada con lo que eres,<br>si est\u00e1s buscando acompa\u00f1amiento estrat\u00e9gico con sensibilidad,<br>o simplemente quieres contarme en qu\u00e9 etapa est\u00e1s\u2026<\/p>\n\n\n\n<p><strong>escr\u00edbeme.<\/strong><\/p>\n\n\n\n<p>Puedes usar el formulario, enviar un correo o dejarme un mensaje directo.<br>Responder\u00e9 personalmente lo antes posible.<\/p>\n\n\n\n<p>Trabajo con un n\u00famero limitado de proyectos para garantizar un acompa\u00f1amiento cercano y personalizado.<\/p>\n\n\n\n<p>Gracias por estar aqu\u00ed.<br>Gracias por confiar.<\/p>\n\n\n<div class=\"wpforms-container wpforms-container-full wpforms-block wpforms-block-6a3016c5-b848-4fa0-819b-b3228c5f289c wpforms-render-modern\" id=\"wpforms-215\"><form id=\"wpforms-form-215\" class=\"wpforms-validate wpforms-form wpforms-ajax-form\" data-formid=\"215\" method=\"post\" enctype=\"multipart\/form-data\" action=\"\/index.php?rest_route=%2Fwp%2Fv2%2Fpages%2F51\" data-token=\"d50252e812ad82a624c179bff1e2ffb6\" data-token-time=\"1776346827\"><noscript class=\"wpforms-error-noscript\">Por favor, activa JavaScript en tu navegador para completar este formulario.<\/noscript><div class=\"wpforms-hidden\" id=\"wpforms-error-noscript\">Por favor, activa JavaScript en tu navegador para completar este formulario.<\/div><div class=\"wpforms-field-container\"><div id=\"wpforms-215-field_1-container\" class=\"wpforms-field wpforms-field-name\" data-field-id=\"1\"><label class=\"wpforms-field-label\" for=\"wpforms-215-field_1\">Nombre <span class=\"wpforms-required-label\" aria-hidden=\"true\">*<\/span><\/label><input type=\"text\" id=\"wpforms-215-field_1\" class=\"wpforms-field-medium wpforms-field-required\" name=\"wpforms[fields][1]\" aria-errormessage=\"wpforms-215-field_1-error\" required><\/div><div id=\"wpforms-215-field_8-container\" class=\"wpforms-field wpforms-field-number\" data-field-id=\"8\"><label class=\"wpforms-field-label\" for=\"wpforms-215-field_8\">Tel\u00e9fono m\u00f3vil<\/label><input type=\"number\" id=\"wpforms-215-field_8\" class=\"wpforms-field-medium\" name=\"wpforms[fields][8]\" step=\"any\" aria-errormessage=\"wpforms-215-field_8-error\" ><\/div><div id=\"wpforms-215-field_2-container\" class=\"wpforms-field wpforms-field-email\" data-field-id=\"2\"><label class=\"wpforms-field-label\" for=\"wpforms-215-field_2\">Correo electr\u00f3nico <span class=\"wpforms-required-label\" aria-hidden=\"true\">*<\/span><\/label><input type=\"email\" id=\"wpforms-215-field_2\" class=\"wpforms-field-medium wpforms-field-required\" name=\"wpforms[fields][2]\" spellcheck=\"false\" aria-errormessage=\"wpforms-215-field_2-error\" required><\/div><div id=\"wpforms-215-field_3-container\" class=\"wpforms-field wpforms-field-textarea\" data-field-id=\"3\"><label class=\"wpforms-field-label\" for=\"wpforms-215-field_3\">Comentario o mensaje<\/label><textarea id=\"wpforms-215-field_3\" class=\"wpforms-field-medium\" name=\"wpforms[fields][3]\" aria-errormessage=\"wpforms-215-field_3-error\" ><\/textarea><\/div><div id=\"wpforms-215-field_5-container\" class=\"wpforms-field wpforms-field-radio\" data-field-id=\"5\"><fieldset><legend class=\"wpforms-field-label\">\u00bfC\u00f3mo prefieres que te contacte?<\/legend><ul id=\"wpforms-215-field_5\"><li class=\"choice-1 depth-1\"><input type=\"radio\" id=\"wpforms-215-field_5_1\" name=\"wpforms[fields][5]\" value=\"E-mail\" aria-errormessage=\"wpforms-215-field_5_1-error\"  ><label class=\"wpforms-field-label-inline\" for=\"wpforms-215-field_5_1\">E-mail<\/label><\/li><li class=\"choice-2 depth-1\"><input type=\"radio\" id=\"wpforms-215-field_5_2\" name=\"wpforms[fields][5]\" value=\"Tel\u00e9fono\" aria-errormessage=\"wpforms-215-field_5_2-error\"  ><label class=\"wpforms-field-label-inline\" for=\"wpforms-215-field_5_2\">Tel\u00e9fono<\/label><\/li><\/ul><\/fieldset><\/div><div id=\"wpforms-215-field_6-container\" class=\"wpforms-field wpforms-field-checkbox\" data-field-id=\"6\"><fieldset><legend class=\"wpforms-field-label\">He leido y acepto la Pol\u00edtica de privacidad<\/legend><ul id=\"wpforms-215-field_6\"><li class=\"choice-1 depth-1\"><input type=\"checkbox\" id=\"wpforms-215-field_6_1\" name=\"wpforms[fields][6][]\" value=\"Acepto\" aria-errormessage=\"wpforms-215-field_6_1-error\"  ><label class=\"wpforms-field-label-inline\" for=\"wpforms-215-field_6_1\">Acepto<\/label><\/li><\/ul><\/fieldset><\/div><\/div><!-- .wpforms-field-container --><div class=\"wpforms-submit-container\" ><input type=\"hidden\" name=\"wpforms[id]\" value=\"215\"><input type=\"hidden\" name=\"page_title\" value=\"\"><input type=\"hidden\" name=\"page_url\" value=\"https:\/\/luna-caribe.com\/index.php?rest_route=\/wp\/v2\/pages\/51\"><input type=\"hidden\" name=\"url_referer\" value=\"\"><button type=\"submit\" name=\"wpforms[submit]\" id=\"wpforms-submit-215\" class=\"wpforms-submit\" data-alt-text=\"Enviando...\" data-submit-text=\"Enviar\" aria-live=\"assertive\" value=\"wpforms-submit\">Enviar<\/button><img decoding=\"async\" src=\"https:\/\/luna-caribe.com\/wp-content\/plugins\/wpforms-lite\/assets\/images\/submit-spin.svg\" class=\"wpforms-submit-spinner\" style=\"display: none;\" width=\"26\" height=\"26\" alt=\"Cargando\"><\/div><\/form><\/div>  <!-- .wpforms-container -->\n\n\n<p><\/p>\n","protected":false},"excerpt":{"rendered":"<p>Aqu\u00ed no hay respuestas autom\u00e1ticas. Solo personas reales con ganas de conectar desde lo aut\u00e9ntico. Si sientes que tu proyecto merece una comunicaci\u00f3n m\u00e1s alineada con lo que eres,si est\u00e1s buscando acompa\u00f1amiento estrat\u00e9gico con sensibilidad,o simplemente quieres contarme en qu\u00e9 etapa est\u00e1s\u2026 escr\u00edbeme. Puedes usar el formulario, enviar un correo o dejarme un mensaje directo.Responder\u00e9 [&hellip;]<\/p>\n","protected":false},"author":1,"featured_media":0,"parent":0,"menu_order":0,"comment_status":"closed","ping_status":"closed","template":"","meta":{"footnotes":""},"class_list":["post-51","page","type-page","status-publish","hentry"],"yoast_head":"<!-- This site is optimized with the Yoast SEO plugin v25.0 - https:\/\/yoast.com\/wordpress\/plugins\/seo\/ -->\n<title>\u00bfNos ponemos en contacto? - luna-caribe.com<\/title>\n<meta name=\"robots\" content=\"index, follow, max-snippet:-1, max-image-preview:large, max-video-preview:-1\" \/>\n<link rel=\"canonical\" href=\"https:\/\/luna-caribe.com\/?page_id=51\" \/>\n<meta property=\"og:locale\" content=\"es_ES\" \/>\n<meta property=\"og:type\" content=\"article\" \/>\n<meta property=\"og:title\" content=\"\u00bfNos ponemos en contacto? - luna-caribe.com\" \/>\n<meta property=\"og:description\" content=\"Aqu\u00ed no hay respuestas autom\u00e1ticas. Solo personas reales con ganas de conectar desde lo aut\u00e9ntico. Si sientes que tu proyecto merece una comunicaci\u00f3n m\u00e1s alineada con lo que eres,si est\u00e1s buscando acompa\u00f1amiento estrat\u00e9gico con sensibilidad,o simplemente quieres contarme en qu\u00e9 etapa est\u00e1s\u2026 escr\u00edbeme. Puedes usar el formulario, enviar un correo o dejarme un mensaje directo.Responder\u00e9 [&hellip;]\" \/>\n<meta property=\"og:url\" content=\"https:\/\/luna-caribe.com\/?page_id=51\" \/>\n<meta property=\"og:site_name\" content=\"luna-caribe.com\" \/>\n<meta property=\"article:modified_time\" content=\"2025-05-28T15:01:44+00:00\" \/>\n<meta property=\"og:image\" content=\"https:\/\/luna-caribe.com\/wp-content\/uploads\/2025\/05\/6748614.jpg\" \/>\n\t<meta property=\"og:image:width\" content=\"2000\" \/>\n\t<meta property=\"og:image:height\" content=\"2000\" \/>\n\t<meta property=\"og:image:type\" content=\"image\/jpeg\" \/>\n<meta name=\"twitter:card\" content=\"summary_large_image\" \/>\n<script type=\"application\/ld+json\" class=\"yoast-schema-graph\">{\"@context\":\"https:\/\/schema.org\",\"@graph\":[{\"@type\":\"WebPage\",\"@id\":\"https:\/\/luna-caribe.com\/?page_id=51\",\"url\":\"https:\/\/luna-caribe.com\/?page_id=51\",\"name\":\"\u00bfNos ponemos en contacto? - luna-caribe.com\",\"isPartOf\":{\"@id\":\"https:\/\/luna-caribe.com\/#website\"},\"primaryImageOfPage\":{\"@id\":\"https:\/\/luna-caribe.com\/?page_id=51#primaryimage\"},\"image\":{\"@id\":\"https:\/\/luna-caribe.com\/?page_id=51#primaryimage\"},\"thumbnailUrl\":\"https:\/\/luna-caribe.com\/wp-content\/uploads\/2025\/05\/6748614-1024x1024.jpg\",\"datePublished\":\"2025-04-25T08:49:09+00:00\",\"dateModified\":\"2025-05-28T15:01:44+00:00\",\"breadcrumb\":{\"@id\":\"https:\/\/luna-caribe.com\/?page_id=51#breadcrumb\"},\"inLanguage\":\"es\",\"potentialAction\":[{\"@type\":\"ReadAction\",\"target\":[\"https:\/\/luna-caribe.com\/?page_id=51\"]}]},{\"@type\":\"ImageObject\",\"inLanguage\":\"es\",\"@id\":\"https:\/\/luna-caribe.com\/?page_id=51#primaryimage\",\"url\":\"https:\/\/luna-caribe.com\/wp-content\/uploads\/2025\/05\/6748614.jpg\",\"contentUrl\":\"https:\/\/luna-caribe.com\/wp-content\/uploads\/2025\/05\/6748614.jpg\",\"width\":2000,\"height\":2000},{\"@type\":\"BreadcrumbList\",\"@id\":\"https:\/\/luna-caribe.com\/?page_id=51#breadcrumb\",\"itemListElement\":[{\"@type\":\"ListItem\",\"position\":1,\"name\":\"Portada\",\"item\":\"https:\/\/luna-caribe.com\/\"},{\"@type\":\"ListItem\",\"position\":2,\"name\":\"\u00bfNos ponemos en contacto?\"}]},{\"@type\":\"WebSite\",\"@id\":\"https:\/\/luna-caribe.com\/#website\",\"url\":\"https:\/\/luna-caribe.com\/\",\"name\":\"Luna Caribe\",\"description\":\"\",\"publisher\":{\"@id\":\"https:\/\/luna-caribe.com\/#\/schema\/person\/499281da5ea888facae8d5aff2b4651a\"},\"potentialAction\":[{\"@type\":\"SearchAction\",\"target\":{\"@type\":\"EntryPoint\",\"urlTemplate\":\"https:\/\/luna-caribe.com\/?s={search_term_string}\"},\"query-input\":{\"@type\":\"PropertyValueSpecification\",\"valueRequired\":true,\"valueName\":\"search_term_string\"}}],\"inLanguage\":\"es\"},{\"@type\":[\"Person\",\"Organization\"],\"@id\":\"https:\/\/luna-caribe.com\/#\/schema\/person\/499281da5ea888facae8d5aff2b4651a\",\"name\":\"nathalybaez07\",\"image\":{\"@type\":\"ImageObject\",\"inLanguage\":\"es\",\"@id\":\"https:\/\/luna-caribe.com\/#\/schema\/person\/image\/\",\"url\":\"https:\/\/luna-caribe.com\/wp-content\/uploads\/2025\/04\/Luna-Caribe-Logo-Design.png\",\"contentUrl\":\"https:\/\/luna-caribe.com\/wp-content\/uploads\/2025\/04\/Luna-Caribe-Logo-Design.png\",\"width\":1024,\"height\":1024,\"caption\":\"nathalybaez07\"},\"logo\":{\"@id\":\"https:\/\/luna-caribe.com\/#\/schema\/person\/image\/\"},\"sameAs\":[\"https:\/\/luna-caribe.com\"]}]}<\/script>\n<!-- \/ Yoast SEO plugin. -->","yoast_head_json":{"title":"\u00bfNos ponemos en contacto? - luna-caribe.com","robots":{"index":"index","follow":"follow","max-snippet":"max-snippet:-1","max-image-preview":"max-image-preview:large","max-video-preview":"max-video-preview:-1"},"canonical":"https:\/\/luna-caribe.com\/?page_id=51","og_locale":"es_ES","og_type":"article","og_title":"\u00bfNos ponemos en contacto? - luna-caribe.com","og_description":"Aqu\u00ed no hay respuestas autom\u00e1ticas. Solo personas reales con ganas de conectar desde lo aut\u00e9ntico. Si sientes que tu proyecto merece una comunicaci\u00f3n m\u00e1s alineada con lo que eres,si est\u00e1s buscando acompa\u00f1amiento estrat\u00e9gico con sensibilidad,o simplemente quieres contarme en qu\u00e9 etapa est\u00e1s\u2026 escr\u00edbeme. Puedes usar el formulario, enviar un correo o dejarme un mensaje directo.Responder\u00e9 [&hellip;]","og_url":"https:\/\/luna-caribe.com\/?page_id=51","og_site_name":"luna-caribe.com","article_modified_time":"2025-05-28T15:01:44+00:00","og_image":[{"width":2000,"height":2000,"url":"https:\/\/luna-caribe.com\/wp-content\/uploads\/2025\/05\/6748614.jpg","type":"image\/jpeg"}],"twitter_card":"summary_large_image","schema":{"@context":"https:\/\/schema.org","@graph":[{"@type":"WebPage","@id":"https:\/\/luna-caribe.com\/?page_id=51","url":"https:\/\/luna-caribe.com\/?page_id=51","name":"\u00bfNos ponemos en contacto? - luna-caribe.com","isPartOf":{"@id":"https:\/\/luna-caribe.com\/#website"},"primaryImageOfPage":{"@id":"https:\/\/luna-caribe.com\/?page_id=51#primaryimage"},"image":{"@id":"https:\/\/luna-caribe.com\/?page_id=51#primaryimage"},"thumbnailUrl":"https:\/\/luna-caribe.com\/wp-content\/uploads\/2025\/05\/6748614-1024x1024.jpg","datePublished":"2025-04-25T08:49:09+00:00","dateModified":"2025-05-28T15:01:44+00:00","breadcrumb":{"@id":"https:\/\/luna-caribe.com\/?page_id=51#breadcrumb"},"inLanguage":"es","potentialAction":[{"@type":"ReadAction","target":["https:\/\/luna-caribe.com\/?page_id=51"]}]},{"@type":"ImageObject","inLanguage":"es","@id":"https:\/\/luna-caribe.com\/?page_id=51#primaryimage","url":"https:\/\/luna-caribe.com\/wp-content\/uploads\/2025\/05\/6748614.jpg","contentUrl":"https:\/\/luna-caribe.com\/wp-content\/uploads\/2025\/05\/6748614.jpg","width":2000,"height":2000},{"@type":"BreadcrumbList","@id":"https:\/\/luna-caribe.com\/?page_id=51#breadcrumb","itemListElement":[{"@type":"ListItem","position":1,"name":"Portada","item":"https:\/\/luna-caribe.com\/"},{"@type":"ListItem","position":2,"name":"\u00bfNos ponemos en contacto?"}]},{"@type":"WebSite","@id":"https:\/\/luna-caribe.com\/#website","url":"https:\/\/luna-caribe.com\/","name":"Luna Caribe","description":"","publisher":{"@id":"https:\/\/luna-caribe.com\/#\/schema\/person\/499281da5ea888facae8d5aff2b4651a"},"potentialAction":[{"@type":"SearchAction","target":{"@type":"EntryPoint","urlTemplate":"https:\/\/luna-caribe.com\/?s={search_term_string}"},"query-input":{"@type":"PropertyValueSpecification","valueRequired":true,"valueName":"search_term_string"}}],"inLanguage":"es"},{"@type":["Person","Organization"],"@id":"https:\/\/luna-caribe.com\/#\/schema\/person\/499281da5ea888facae8d5aff2b4651a","name":"nathalybaez07","image":{"@type":"ImageObject","inLanguage":"es","@id":"https:\/\/luna-caribe.com\/#\/schema\/person\/image\/","url":"https:\/\/luna-caribe.com\/wp-content\/uploads\/2025\/04\/Luna-Caribe-Logo-Design.png","contentUrl":"https:\/\/luna-caribe.com\/wp-content\/uploads\/2025\/04\/Luna-Caribe-Logo-Design.png","width":1024,"height":1024,"caption":"nathalybaez07"},"logo":{"@id":"https:\/\/luna-caribe.com\/#\/schema\/person\/image\/"},"sameAs":["https:\/\/luna-caribe.com"]}]}},"_links":{"self":[{"href":"https:\/\/luna-caribe.com\/index.php?rest_route=\/wp\/v2\/pages\/51","targetHints":{"allow":["GET"]}}],"collection":[{"href":"https:\/\/luna-caribe.com\/index.php?rest_route=\/wp\/v2\/pages"}],"about":[{"href":"https:\/\/luna-caribe.com\/index.php?rest_route=\/wp\/v2\/types\/page"}],"author":[{"embeddable":true,"href":"https:\/\/luna-caribe.com\/index.php?rest_route=\/wp\/v2\/users\/1"}],"replies":[{"embeddable":true,"href":"https:\/\/luna-caribe.com\/index.php?rest_route=%2Fwp%2Fv2%2Fcomments&post=51"}],"version-history":[{"count":5,"href":"https:\/\/luna-caribe.com\/index.php?rest_route=\/wp\/v2\/pages\/51\/revisions"}],"predecessor-version":[{"id":219,"href":"https:\/\/luna-caribe.com\/index.php?rest_route=\/wp\/v2\/pages\/51\/revisions\/219"}],"wp:attachment":[{"href":"https:\/\/luna-caribe.com\/index.php?rest_route=%2Fwp%2Fv2%2Fmedia&parent=51"}],"curies":[{"name":"wp","href":"https:\/\/api.w.org\/{rel}","templated":true}]}}