{"id":19,"date":"2025-04-12T13:24:08","date_gmt":"2025-04-12T11:24:08","guid":{"rendered":"https:\/\/luna-caribe.com\/?page_id=19"},"modified":"2026-01-22T16:57:24","modified_gmt":"2026-01-22T15:57:24","slug":"luna-caribe-comunicacion-consciente-viaje-interior-y-turismo-con-alma","status":"publish","type":"page","link":"https:\/\/luna-caribe.com\/","title":{"rendered":"\ud83c\udf19 Luna Caribe est\u00e1 naciendo\u2026"},"content":{"rendered":"\n<div class=\"wp-block-group alignfull has-accent-2-background-color has-background is-layout-constrained wp-container-core-group-is-layout-669513ed wp-block-group-is-layout-constrained\" style=\"margin-top:0;margin-bottom:0;padding-top:var(--wp--preset--spacing--50);padding-right:var(--wp--preset--spacing--50);padding-bottom:var(--wp--preset--spacing--50);padding-left:var(--wp--preset--spacing--50)\">\n<figure class=\"wp-block-pullquote has-text-align-center\"><blockquote><p>Gracias por llegar hasta aqu\u00ed.<br>Estamos en pleno proceso de creaci\u00f3n de este espacio.<br>Muy pronto encontrar\u00e1s contenidos, recursos, servicios y experiencias que te acompa\u00f1ar\u00e1n en tu propio viaje de regreso a lo esencial.<\/p><\/blockquote><\/figure>\n<\/div>\n","protected":false},"excerpt":{"rendered":"<p>Gracias por llegar hasta aqu\u00ed.Estamos en pleno proceso de creaci\u00f3n de este espacio.Muy pronto encontrar\u00e1s contenidos, recursos, servicios y experiencias que te acompa\u00f1ar\u00e1n en tu propio viaje de regreso a lo esencial.<\/p>\n","protected":false},"author":1,"featured_media":0,"parent":0,"menu_order":0,"comment_status":"closed","ping_status":"closed","template":"","meta":{"footnotes":""},"class_list":["post-19","page","type-page","status-publish","hentry"],"yoast_head":"<!-- This site is optimized with the Yoast SEO plugin v25.0 - https:\/\/yoast.com\/wordpress\/plugins\/seo\/ -->\n<title>\ud83c\udf19 Luna Caribe est\u00e1 naciendo\u2026 - luna-caribe.com<\/title>\n<meta name=\"description\" content=\"Bienvenida a Luna Caribe, una marca que comunica desde la ra\u00edz. Contenido emocional y estrategia digital para conectar con el turismo n\u00f3mada y sostenible.\" \/>\n<meta name=\"robots\" content=\"index, follow, max-snippet:-1, max-image-preview:large, max-video-preview:-1\" \/>\n<link rel=\"canonical\" href=\"https:\/\/luna-caribe.com\/\" \/>\n<meta property=\"og:locale\" content=\"es_ES\" \/>\n<meta property=\"og:type\" content=\"article\" \/>\n<meta property=\"og:title\" content=\"\ud83c\udf19 Luna Caribe est\u00e1 naciendo\u2026 - luna-caribe.com\" \/>\n<meta property=\"og:description\" content=\"Bienvenida a Luna Caribe, una marca que comunica desde la ra\u00edz. Contenido emocional y estrategia digital para conectar con el turismo n\u00f3mada y sostenible.\" \/>\n<meta property=\"og:url\" content=\"https:\/\/luna-caribe.com\/\" \/>\n<meta property=\"og:site_name\" content=\"luna-caribe.com\" \/>\n<meta property=\"article:modified_time\" content=\"2026-01-22T15:57:24+00:00\" \/>\n<meta name=\"twitter:card\" content=\"summary_large_image\" \/>\n<script type=\"application\/ld+json\" class=\"yoast-schema-graph\">{\"@context\":\"https:\/\/schema.org\",\"@graph\":[{\"@type\":\"WebPage\",\"@id\":\"https:\/\/luna-caribe.com\/\",\"url\":\"https:\/\/luna-caribe.com\/\",\"name\":\"\ud83c\udf19 Luna Caribe est\u00e1 naciendo\u2026 - luna-caribe.com\",\"isPartOf\":{\"@id\":\"https:\/\/luna-caribe.com\/#website\"},\"datePublished\":\"2025-04-12T11:24:08+00:00\",\"dateModified\":\"2026-01-22T15:57:24+00:00\",\"description\":\"Bienvenida a Luna Caribe, una marca que comunica desde la ra\u00edz. Contenido emocional y estrategia digital para conectar con el turismo n\u00f3mada y sostenible.\",\"breadcrumb\":{\"@id\":\"https:\/\/luna-caribe.com\/#breadcrumb\"},\"inLanguage\":\"es\",\"potentialAction\":[{\"@type\":\"ReadAction\",\"target\":[\"https:\/\/luna-caribe.com\/\"]}]},{\"@type\":\"BreadcrumbList\",\"@id\":\"https:\/\/luna-caribe.com\/#breadcrumb\",\"itemListElement\":[{\"@type\":\"ListItem\",\"position\":1,\"name\":\"Portada\",\"item\":\"https:\/\/luna-caribe.com\/\"},{\"@type\":\"ListItem\",\"position\":2,\"name\":\"\ud83c\udf19 Luna Caribe est\u00e1 naciendo\u2026\"}]},{\"@type\":\"WebSite\",\"@id\":\"https:\/\/luna-caribe.com\/#website\",\"url\":\"https:\/\/luna-caribe.com\/\",\"name\":\"Luna Caribe\",\"description\":\"\",\"publisher\":{\"@id\":\"https:\/\/luna-caribe.com\/#\/schema\/person\/499281da5ea888facae8d5aff2b4651a\"},\"potentialAction\":[{\"@type\":\"SearchAction\",\"target\":{\"@type\":\"EntryPoint\",\"urlTemplate\":\"https:\/\/luna-caribe.com\/?s={search_term_string}\"},\"query-input\":{\"@type\":\"PropertyValueSpecification\",\"valueRequired\":true,\"valueName\":\"search_term_string\"}}],\"inLanguage\":\"es\"},{\"@type\":[\"Person\",\"Organization\"],\"@id\":\"https:\/\/luna-caribe.com\/#\/schema\/person\/499281da5ea888facae8d5aff2b4651a\",\"name\":\"nathalybaez07\",\"image\":{\"@type\":\"ImageObject\",\"inLanguage\":\"es\",\"@id\":\"https:\/\/luna-caribe.com\/#\/schema\/person\/image\/\",\"url\":\"https:\/\/luna-caribe.com\/wp-content\/uploads\/2025\/04\/Luna-Caribe-Logo-Design.png\",\"contentUrl\":\"https:\/\/luna-caribe.com\/wp-content\/uploads\/2025\/04\/Luna-Caribe-Logo-Design.png\",\"width\":1024,\"height\":1024,\"caption\":\"nathalybaez07\"},\"logo\":{\"@id\":\"https:\/\/luna-caribe.com\/#\/schema\/person\/image\/\"},\"sameAs\":[\"https:\/\/luna-caribe.com\"]}]}<\/script>\n<!-- \/ Yoast SEO plugin. -->","yoast_head_json":{"title":"\ud83c\udf19 Luna Caribe est\u00e1 naciendo\u2026 - luna-caribe.com","description":"Bienvenida a Luna Caribe, una marca que comunica desde la ra\u00edz. Contenido emocional y estrategia digital para conectar con el turismo n\u00f3mada y sostenible.","robots":{"index":"index","follow":"follow","max-snippet":"max-snippet:-1","max-image-preview":"max-image-preview:large","max-video-preview":"max-video-preview:-1"},"canonical":"https:\/\/luna-caribe.com\/","og_locale":"es_ES","og_type":"article","og_title":"\ud83c\udf19 Luna Caribe est\u00e1 naciendo\u2026 - luna-caribe.com","og_description":"Bienvenida a Luna Caribe, una marca que comunica desde la ra\u00edz. Contenido emocional y estrategia digital para conectar con el turismo n\u00f3mada y sostenible.","og_url":"https:\/\/luna-caribe.com\/","og_site_name":"luna-caribe.com","article_modified_time":"2026-01-22T15:57:24+00:00","twitter_card":"summary_large_image","schema":{"@context":"https:\/\/schema.org","@graph":[{"@type":"WebPage","@id":"https:\/\/luna-caribe.com\/","url":"https:\/\/luna-caribe.com\/","name":"\ud83c\udf19 Luna Caribe est\u00e1 naciendo\u2026 - luna-caribe.com","isPartOf":{"@id":"https:\/\/luna-caribe.com\/#website"},"datePublished":"2025-04-12T11:24:08+00:00","dateModified":"2026-01-22T15:57:24+00:00","description":"Bienvenida a Luna Caribe, una marca que comunica desde la ra\u00edz. Contenido emocional y estrategia digital para conectar con el turismo n\u00f3mada y sostenible.","breadcrumb":{"@id":"https:\/\/luna-caribe.com\/#breadcrumb"},"inLanguage":"es","potentialAction":[{"@type":"ReadAction","target":["https:\/\/luna-caribe.com\/"]}]},{"@type":"BreadcrumbList","@id":"https:\/\/luna-caribe.com\/#breadcrumb","itemListElement":[{"@type":"ListItem","position":1,"name":"Portada","item":"https:\/\/luna-caribe.com\/"},{"@type":"ListItem","position":2,"name":"\ud83c\udf19 Luna Caribe est\u00e1 naciendo\u2026"}]},{"@type":"WebSite","@id":"https:\/\/luna-caribe.com\/#website","url":"https:\/\/luna-caribe.com\/","name":"Luna Caribe","description":"","publisher":{"@id":"https:\/\/luna-caribe.com\/#\/schema\/person\/499281da5ea888facae8d5aff2b4651a"},"potentialAction":[{"@type":"SearchAction","target":{"@type":"EntryPoint","urlTemplate":"https:\/\/luna-caribe.com\/?s={search_term_string}"},"query-input":{"@type":"PropertyValueSpecification","valueRequired":true,"valueName":"search_term_string"}}],"inLanguage":"es"},{"@type":["Person","Organization"],"@id":"https:\/\/luna-caribe.com\/#\/schema\/person\/499281da5ea888facae8d5aff2b4651a","name":"nathalybaez07","image":{"@type":"ImageObject","inLanguage":"es","@id":"https:\/\/luna-caribe.com\/#\/schema\/person\/image\/","url":"https:\/\/luna-caribe.com\/wp-content\/uploads\/2025\/04\/Luna-Caribe-Logo-Design.png","contentUrl":"https:\/\/luna-caribe.com\/wp-content\/uploads\/2025\/04\/Luna-Caribe-Logo-Design.png","width":1024,"height":1024,"caption":"nathalybaez07"},"logo":{"@id":"https:\/\/luna-caribe.com\/#\/schema\/person\/image\/"},"sameAs":["https:\/\/luna-caribe.com"]}]}},"_links":{"self":[{"href":"https:\/\/luna-caribe.com\/index.php?rest_route=\/wp\/v2\/pages\/19","targetHints":{"allow":["GET"]}}],"collection":[{"href":"https:\/\/luna-caribe.com\/index.php?rest_route=\/wp\/v2\/pages"}],"about":[{"href":"https:\/\/luna-caribe.com\/index.php?rest_route=\/wp\/v2\/types\/page"}],"author":[{"embeddable":true,"href":"https:\/\/luna-caribe.com\/index.php?rest_route=\/wp\/v2\/users\/1"}],"replies":[{"embeddable":true,"href":"https:\/\/luna-caribe.com\/index.php?rest_route=%2Fwp%2Fv2%2Fcomments&post=19"}],"version-history":[{"count":5,"href":"https:\/\/luna-caribe.com\/index.php?rest_route=\/wp\/v2\/pages\/19\/revisions"}],"predecessor-version":[{"id":262,"href":"https:\/\/luna-caribe.com\/index.php?rest_route=\/wp\/v2\/pages\/19\/revisions\/262"}],"wp:attachment":[{"href":"https:\/\/luna-caribe.com\/index.php?rest_route=%2Fwp%2Fv2%2Fmedia&parent=19"}],"curies":[{"name":"wp","href":"https:\/\/api.w.org\/{rel}","templated":true}]}}